{"id":24,"date":"2023-04-17T00:41:58","date_gmt":"2023-04-17T03:41:58","guid":{"rendered":"https:\/\/www.mdimagem.com.br\/medicinadiagnostica\/?page_id=24"},"modified":"2023-08-03T11:55:17","modified_gmt":"2023-08-03T14:55:17","slug":"exames","status":"publish","type":"page","link":"https:\/\/www.mdimagem.com.br\/medicinadiagnostica\/exames\/","title":{"rendered":"Exames"},"content":{"rendered":"\t\t<div data-elementor-type=\"wp-page\" data-elementor-id=\"24\" class=\"elementor elementor-24\" data-elementor-post-type=\"page\">\n\t\t\t\t\t\t<section class=\"elementor-section elementor-top-section elementor-element elementor-element-e6eaaa3 elementor-section-boxed elementor-section-height-default elementor-section-height-default\" data-id=\"e6eaaa3\" data-element_type=\"section\" data-e-type=\"section\">\n\t\t\t\t\t\t<div class=\"elementor-container elementor-column-gap-default\">\n\t\t\t\t\t<div class=\"elementor-column elementor-col-50 elementor-top-column elementor-element elementor-element-c37d797\" data-id=\"c37d797\" data-element_type=\"column\" data-e-type=\"column\">\n\t\t\t<div class=\"elementor-widget-wrap elementor-element-populated\">\n\t\t\t\t\t\t<div class=\"elementor-element elementor-element-63936ee elementor-widget elementor-widget-heading\" data-id=\"63936ee\" data-element_type=\"widget\" data-e-type=\"widget\" data-widget_type=\"heading.default\">\n\t\t\t\t<div class=\"elementor-widget-container\">\n\t\t\t\t\t<h2 class=\"elementor-heading-title elementor-size-default\">Exames<\/h2>\t\t\t\t<\/div>\n\t\t\t\t<\/div>\n\t\t\t\t<div class=\"elementor-element elementor-element-f2a1fa6 elementor-widget elementor-widget-heading\" data-id=\"f2a1fa6\" data-element_type=\"widget\" data-e-type=\"widget\" data-widget_type=\"heading.default\">\n\t\t\t\t<div class=\"elementor-widget-container\">\n\t\t\t\t\t<h2 class=\"elementor-heading-title elementor-size-default\">Consulte nossa guia de exames detalhados<\/h2>\t\t\t\t<\/div>\n\t\t\t\t<\/div>\n\t\t\t\t\t<\/div>\n\t\t<\/div>\n\t\t\t\t<div class=\"elementor-column elementor-col-50 elementor-top-column elementor-element elementor-element-3e6a310\" data-id=\"3e6a310\" data-element_type=\"column\" data-e-type=\"column\">\n\t\t\t<div class=\"elementor-widget-wrap\">\n\t\t\t\t\t\t\t<\/div>\n\t\t<\/div>\n\t\t\t\t\t<\/div>\n\t\t<\/section>\n\t\t\t\t<section class=\"elementor-section elementor-top-section elementor-element elementor-element-829c3eb elementor-section-boxed elementor-section-height-default elementor-section-height-default\" data-id=\"829c3eb\" data-element_type=\"section\" data-e-type=\"section\">\n\t\t\t\t\t\t<div class=\"elementor-container elementor-column-gap-default\">\n\t\t\t\t\t<div class=\"elementor-column elementor-col-100 elementor-top-column elementor-element elementor-element-caf0ff2\" data-id=\"caf0ff2\" data-element_type=\"column\" data-e-type=\"column\">\n\t\t\t<div class=\"elementor-widget-wrap\">\n\t\t\t\t\t\t\t<\/div>\n\t\t<\/div>\n\t\t\t\t\t<\/div>\n\t\t<\/section>\n\t\t\t\t<\/div>\n\t\t","protected":false},"excerpt":{"rendered":"<p>Exames Consulte nossa guia de exames detalhados Densitometria \u00d3ssea A densitometria \u00f3ssea \u00e9 o exame que vai avaliar e diagnosticar casos de osteoporose ou de redu\u00e7\u00e3o da densidade \u00f3ssea. O exame mede a densidade mineral \u2013 aferida com base na concentra\u00e7\u00e3o de c\u00e1lcio \u2013 e a compara com valores de refer\u00eancia, considerando -se a idade [&hellip;]<\/p>\n","protected":false},"author":1,"featured_media":0,"parent":0,"menu_order":0,"comment_status":"closed","ping_status":"closed","template":"","meta":{"footnotes":""},"class_list":["post-24","page","type-page","status-publish","hentry"],"_links":{"self":[{"href":"https:\/\/www.mdimagem.com.br\/medicinadiagnostica\/wp-json\/wp\/v2\/pages\/24","targetHints":{"allow":["GET"]}}],"collection":[{"href":"https:\/\/www.mdimagem.com.br\/medicinadiagnostica\/wp-json\/wp\/v2\/pages"}],"about":[{"href":"https:\/\/www.mdimagem.com.br\/medicinadiagnostica\/wp-json\/wp\/v2\/types\/page"}],"author":[{"embeddable":true,"href":"https:\/\/www.mdimagem.com.br\/medicinadiagnostica\/wp-json\/wp\/v2\/users\/1"}],"replies":[{"embeddable":true,"href":"https:\/\/www.mdimagem.com.br\/medicinadiagnostica\/wp-json\/wp\/v2\/comments?post=24"}],"version-history":[{"count":64,"href":"https:\/\/www.mdimagem.com.br\/medicinadiagnostica\/wp-json\/wp\/v2\/pages\/24\/revisions"}],"predecessor-version":[{"id":628,"href":"https:\/\/www.mdimagem.com.br\/medicinadiagnostica\/wp-json\/wp\/v2\/pages\/24\/revisions\/628"}],"wp:attachment":[{"href":"https:\/\/www.mdimagem.com.br\/medicinadiagnostica\/wp-json\/wp\/v2\/media?parent=24"}],"curies":[{"name":"wp","href":"https:\/\/api.w.org\/{rel}","templated":true}]}}