{"id":37,"date":"2023-04-17T00:55:03","date_gmt":"2023-04-17T03:55:03","guid":{"rendered":"https:\/\/www.mdimagem.com.br\/medicinadiagnostica\/?page_id=37"},"modified":"2023-08-03T11:05:43","modified_gmt":"2023-08-03T14:05:43","slug":"quem-somos","status":"publish","type":"page","link":"https:\/\/www.mdimagem.com.br\/medicinadiagnostica\/quem-somos\/","title":{"rendered":"Quem somos"},"content":{"rendered":"\t\t<div data-elementor-type=\"wp-page\" data-elementor-id=\"37\" class=\"elementor elementor-37\" data-elementor-post-type=\"page\">\n\t\t\t\t\t\t<section class=\"elementor-section elementor-top-section elementor-element elementor-element-e8f96e1 elementor-section-boxed elementor-section-height-default elementor-section-height-default\" data-id=\"e8f96e1\" data-element_type=\"section\" data-e-type=\"section\">\n\t\t\t\t\t\t<div class=\"elementor-container elementor-column-gap-default\">\n\t\t\t\t\t<div class=\"elementor-column elementor-col-50 elementor-top-column elementor-element elementor-element-33bc19d\" data-id=\"33bc19d\" data-element_type=\"column\" data-e-type=\"column\">\n\t\t\t<div class=\"elementor-widget-wrap elementor-element-populated\">\n\t\t\t\t\t\t<div class=\"elementor-element elementor-element-1f4e418 elementor-widget elementor-widget-heading\" data-id=\"1f4e418\" data-element_type=\"widget\" data-e-type=\"widget\" data-widget_type=\"heading.default\">\n\t\t\t\t<div class=\"elementor-widget-container\">\n\t\t\t\t\t<h2 class=\"elementor-heading-title elementor-size-default\">Quem somos <\/h2>\t\t\t\t<\/div>\n\t\t\t\t<\/div>\n\t\t\t\t<div class=\"elementor-element elementor-element-8774795 elementor-widget elementor-widget-heading\" data-id=\"8774795\" data-element_type=\"widget\" data-e-type=\"widget\" data-widget_type=\"heading.default\">\n\t\t\t\t<div class=\"elementor-widget-container\">\n\t\t\t\t\t<h2 class=\"elementor-heading-title elementor-size-default\">Desde 2005 sendo refer\u00eancia em Medicina Diagn\u00f3stica <\/h2>\t\t\t\t<\/div>\n\t\t\t\t<\/div>\n\t\t\t\t\t<\/div>\n\t\t<\/div>\n\t\t\t\t<div class=\"elementor-column elementor-col-50 elementor-top-column elementor-element elementor-element-4846afa\" data-id=\"4846afa\" data-element_type=\"column\" data-e-type=\"column\">\n\t\t\t<div class=\"elementor-widget-wrap\">\n\t\t\t\t\t\t\t<\/div>\n\t\t<\/div>\n\t\t\t\t\t<\/div>\n\t\t<\/section>\n\t\t\t\t<section class=\"elementor-section elementor-top-section elementor-element elementor-element-402b9b8 elementor-section-boxed elementor-section-height-default elementor-section-height-default\" data-id=\"402b9b8\" data-element_type=\"section\" data-e-type=\"section\">\n\t\t\t\t\t\t<div class=\"elementor-container elementor-column-gap-default\">\n\t\t\t\t\t<div class=\"elementor-column elementor-col-50 elementor-top-column elementor-element elementor-element-2380bfc\" data-id=\"2380bfc\" data-element_type=\"column\" data-e-type=\"column\">\n\t\t\t<div class=\"elementor-widget-wrap elementor-element-populated\">\n\t\t\t\t\t\t<div class=\"elementor-element elementor-element-bc54e07 elementor-widget elementor-widget-image\" data-id=\"bc54e07\" data-element_type=\"widget\" data-e-type=\"widget\" data-widget_type=\"image.default\">\n\t\t\t\t<div class=\"elementor-widget-container\">\n\t\t\t\t\t\t\t\t\t\t\t\t\t\t\t<img fetchpriority=\"high\" decoding=\"async\" width=\"726\" height=\"800\" src=\"https:\/\/www.mdimagem.com.br\/medicinadiagnostica\/wp-content\/uploads\/2023\/04\/img-ok.jpg\" class=\"attachment-large size-large wp-image-93\" alt=\"\" srcset=\"https:\/\/www.mdimagem.com.br\/medicinadiagnostica\/wp-content\/uploads\/2023\/04\/img-ok.jpg 726w, https:\/\/www.mdimagem.com.br\/medicinadiagnostica\/wp-content\/uploads\/2023\/04\/img-ok-272x300.jpg 272w\" sizes=\"(max-width: 726px) 100vw, 726px\" \/>\t\t\t\t\t\t\t\t\t\t\t\t\t\t\t<\/div>\n\t\t\t\t<\/div>\n\t\t\t\t\t<\/div>\n\t\t<\/div>\n\t\t\t\t<div class=\"elementor-column elementor-col-50 elementor-top-column elementor-element elementor-element-052076c\" data-id=\"052076c\" data-element_type=\"column\" data-e-type=\"column\" data-settings=\"{&quot;background_background&quot;:&quot;classic&quot;}\">\n\t\t\t<div class=\"elementor-widget-wrap elementor-element-populated\">\n\t\t\t\t\t\t<div class=\"elementor-element elementor-element-066dfb5 elementor-widget__width-initial elementor-widget elementor-widget-text-editor\" data-id=\"066dfb5\" data-element_type=\"widget\" data-e-type=\"widget\" data-widget_type=\"text-editor.default\">\n\t\t\t\t<div class=\"elementor-widget-container\">\n\t\t\t\t\t\t\t\t\t<div dir=\"ltr\">\n<div>\n<p>Sediada desde 2005 em Jacare\u00ed, a MDI &#8211; Medicina Diagn\u00f3stica por Imagem disponibiliza a seus clientes atendimento diferenciado em Resson\u00e2ncia Magn\u00e9tica, Tomografia Multislice, Ultrassonografia Geral e com Doppler Colorido, Mamografia Digital e Densitometria \u00d3ssea.<\/p>\n<p>Atrav\u00e9s das ferramentas de Call Center e Contact Center, a MDI oferece agilidade do agendamento \u00e0 entrega dos exames, confirma\u00e7\u00e3o de exames, contato via Whatsapp, laudos de ultrassonografia liberados em at\u00e9 duas hora, disponibiliza\u00e7\u00e3o de resultados online para pacientes e m\u00e9dicos solicitantes, entre outras facilidades.<\/p>\n<p>Disponibiliza ainda um canal de comunica\u00e7\u00e3o onde os m\u00e9dicos assistentes tem contato direto com o corpo cl\u00ednico MDI, podendo discutir casos, sanar duvidas, solicitar urg\u00eancias, entre outras necessidades fundamentais para a conclus\u00e3o de um diagn\u00f3stico.<\/p>\n<p>Em nosso site o m\u00e9dico assistente tem acesso a laudos e imagens, de maneira r\u00e1pida e eficaz, atrav\u00e9s de login pessoal, fornecido pela MDI ap\u00f3s a realiza\u00e7\u00e3o dos exames.<\/p>\n<p>A tecnologia em diagn\u00f3sticos por imagem, aliada \u00e0 experi\u00eancia do corpo cl\u00ednico e a humaniza\u00e7\u00e3o no atendimento, garantem a confiabilidade e a excel\u00eancia dos servi\u00e7os prestados aos pacientes e a classe m\u00e9dica de Jacare\u00ed, S\u00e3o Jos\u00e9 dos Campos e regi\u00e3o.<\/p><p>A MDI visando se adequar e respeitar as normas e regras da LGPD, garante acesso restrito atrav\u00e9s de login e senha para pacientes, m\u00e9dicos solicitantes, m\u00e9dicos laudistas e colaboradores, garantindo a prote\u00e7\u00e3o dos dados pessoais de todos.<\/p><p><br><\/p>\n<\/div>\n<div>\n<div id=\"m_-5514955066592336691gmail-accordion-9-1\">\n<div>\n<div id=\"m_-5514955066592336691gmail-bf5a3b1231240ffab\">\n<div>&nbsp;<\/div>\n<\/div>\n<\/div>\n<\/div>\n<\/div>\n<\/div>\t\t\t\t\t\t\t\t<\/div>\n\t\t\t\t<\/div>\n\t\t\t\t\t<\/div>\n\t\t<\/div>\n\t\t\t\t\t<\/div>\n\t\t<\/section>\n\t\t\t\t<section class=\"elementor-section elementor-top-section elementor-element elementor-element-10e8622 elementor-section-boxed elementor-section-height-default elementor-section-height-default\" data-id=\"10e8622\" data-element_type=\"section\" data-e-type=\"section\" data-settings=\"{&quot;background_background&quot;:&quot;classic&quot;}\">\n\t\t\t\t\t\t<div class=\"elementor-container elementor-column-gap-default\">\n\t\t\t\t\t<div class=\"elementor-column elementor-col-33 elementor-top-column elementor-element elementor-element-5d0efa9\" data-id=\"5d0efa9\" data-element_type=\"column\" data-e-type=\"column\">\n\t\t\t<div class=\"elementor-widget-wrap elementor-element-populated\">\n\t\t\t\t\t\t<div class=\"elementor-element elementor-element-f28ea23 elementor-view-default elementor-position-block-start elementor-mobile-position-block-start elementor-widget elementor-widget-icon-box\" data-id=\"f28ea23\" data-element_type=\"widget\" data-e-type=\"widget\" data-widget_type=\"icon-box.default\">\n\t\t\t\t<div class=\"elementor-widget-container\">\n\t\t\t\t\t\t\t<div class=\"elementor-icon-box-wrapper\">\n\n\t\t\t\t\t\t<div class=\"elementor-icon-box-icon\">\n\t\t\t\t<span  class=\"elementor-icon\">\n\t\t\t\t<i aria-hidden=\"true\" class=\"far fa-eye\"><\/i>\t\t\t\t<\/span>\n\t\t\t<\/div>\n\t\t\t\n\t\t\t\t\t\t<div class=\"elementor-icon-box-content\">\n\n\t\t\t\t\t\t\t\t\t<h3 class=\"elementor-icon-box-title\">\n\t\t\t\t\t\t<span  >\n\t\t\t\t\t\t\tVis\u00e3o\t\t\t\t\t\t<\/span>\n\t\t\t\t\t<\/h3>\n\t\t\t\t\n\t\t\t\t\t\t\t\t\t<p class=\"elementor-icon-box-description\">\n\t\t\t\t\t\tSer l\u00edder e refer\u00eancia em medicina diagn\u00f3stica no vale do para\u00edba.\t\t\t\t\t<\/p>\n\t\t\t\t\n\t\t\t<\/div>\n\t\t\t\n\t\t<\/div>\n\t\t\t\t\t\t<\/div>\n\t\t\t\t<\/div>\n\t\t\t\t\t<\/div>\n\t\t<\/div>\n\t\t\t\t<div class=\"elementor-column elementor-col-33 elementor-top-column elementor-element elementor-element-0d1c529\" data-id=\"0d1c529\" data-element_type=\"column\" data-e-type=\"column\">\n\t\t\t<div class=\"elementor-widget-wrap elementor-element-populated\">\n\t\t\t\t\t\t<div class=\"elementor-element elementor-element-d0d54ff elementor-view-default elementor-position-block-start elementor-mobile-position-block-start elementor-widget elementor-widget-icon-box\" data-id=\"d0d54ff\" data-element_type=\"widget\" data-e-type=\"widget\" data-widget_type=\"icon-box.default\">\n\t\t\t\t<div class=\"elementor-widget-container\">\n\t\t\t\t\t\t\t<div class=\"elementor-icon-box-wrapper\">\n\n\t\t\t\t\t\t<div class=\"elementor-icon-box-icon\">\n\t\t\t\t<span  class=\"elementor-icon\">\n\t\t\t\t<i aria-hidden=\"true\" class=\"fas fa-check-double\"><\/i>\t\t\t\t<\/span>\n\t\t\t<\/div>\n\t\t\t\n\t\t\t\t\t\t<div class=\"elementor-icon-box-content\">\n\n\t\t\t\t\t\t\t\t\t<h3 class=\"elementor-icon-box-title\">\n\t\t\t\t\t\t<span  >\n\t\t\t\t\t\t\tMiss\u00e3o\t\t\t\t\t\t<\/span>\n\t\t\t\t\t<\/h3>\n\t\t\t\t\n\t\t\t\t\t\t\t\t\t<p class=\"elementor-icon-box-description\">\n\t\t\t\t\t\tFornecer medicina diagn\u00f3stica \u00e0 todas as classes sociais com excel\u00eancia de qualidade.\n\n\t\t\t\t\t<\/p>\n\t\t\t\t\n\t\t\t<\/div>\n\t\t\t\n\t\t<\/div>\n\t\t\t\t\t\t<\/div>\n\t\t\t\t<\/div>\n\t\t\t\t\t<\/div>\n\t\t<\/div>\n\t\t\t\t<div class=\"elementor-column elementor-col-33 elementor-top-column elementor-element elementor-element-b11ad7e\" data-id=\"b11ad7e\" data-element_type=\"column\" data-e-type=\"column\">\n\t\t\t<div class=\"elementor-widget-wrap elementor-element-populated\">\n\t\t\t\t\t\t<div class=\"elementor-element elementor-element-33ce2f1 elementor-view-default elementor-position-block-start elementor-mobile-position-block-start elementor-widget elementor-widget-icon-box\" data-id=\"33ce2f1\" data-element_type=\"widget\" data-e-type=\"widget\" data-widget_type=\"icon-box.default\">\n\t\t\t\t<div class=\"elementor-widget-container\">\n\t\t\t\t\t\t\t<div class=\"elementor-icon-box-wrapper\">\n\n\t\t\t\t\t\t<div class=\"elementor-icon-box-icon\">\n\t\t\t\t<span  class=\"elementor-icon\">\n\t\t\t\t<i aria-hidden=\"true\" class=\"far fa-gem\"><\/i>\t\t\t\t<\/span>\n\t\t\t<\/div>\n\t\t\t\n\t\t\t\t\t\t<div class=\"elementor-icon-box-content\">\n\n\t\t\t\t\t\t\t\t\t<h3 class=\"elementor-icon-box-title\">\n\t\t\t\t\t\t<span  >\n\t\t\t\t\t\t\tValores\t\t\t\t\t\t<\/span>\n\t\t\t\t\t<\/h3>\n\t\t\t\t\n\t\t\t\t\t\t\t\t\t<p class=\"elementor-icon-box-description\">\n\t\t\t\t\t\tExcel\u00eancia de qualidade em todos os n\u00edveis, Responsabilidade social empresarial, \u00c9tica e transpar\u00eancia, R\u00e1pidez e efici\u00eancia, Tratamento humanizado, Reconhecimento profissional\t\t\t\t\t<\/p>\n\t\t\t\t\n\t\t\t<\/div>\n\t\t\t\n\t\t<\/div>\n\t\t\t\t\t\t<\/div>\n\t\t\t\t<\/div>\n\t\t\t\t\t<\/div>\n\t\t<\/div>\n\t\t\t\t\t<\/div>\n\t\t<\/section>\n\t\t\t\t<section class=\"elementor-section elementor-top-section elementor-element elementor-element-9930dee elementor-section-boxed elementor-section-height-default elementor-section-height-default\" data-id=\"9930dee\" data-element_type=\"section\" data-e-type=\"section\">\n\t\t\t\t\t\t<div class=\"elementor-container elementor-column-gap-default\">\n\t\t\t\t\t<div class=\"elementor-column elementor-col-100 elementor-top-column elementor-element elementor-element-c2eafff\" data-id=\"c2eafff\" data-element_type=\"column\" data-e-type=\"column\">\n\t\t\t<div class=\"elementor-widget-wrap\">\n\t\t\t\t\t\t\t<\/div>\n\t\t<\/div>\n\t\t\t\t\t<\/div>\n\t\t<\/section>\n\t\t\t\t<section class=\"elementor-section elementor-top-section elementor-element elementor-element-80152cd elementor-section-boxed elementor-section-height-default elementor-section-height-default\" data-id=\"80152cd\" data-element_type=\"section\" data-e-type=\"section\" data-settings=\"{&quot;background_background&quot;:&quot;classic&quot;}\">\n\t\t\t\t\t\t<div class=\"elementor-container elementor-column-gap-default\">\n\t\t\t\t\t<div class=\"elementor-column elementor-col-50 elementor-top-column elementor-element elementor-element-7f32611\" data-id=\"7f32611\" data-element_type=\"column\" data-e-type=\"column\">\n\t\t\t<div class=\"elementor-widget-wrap elementor-element-populated\">\n\t\t\t\t\t\t<div class=\"elementor-element elementor-element-edb4b62 elementor-widget elementor-widget-heading\" data-id=\"edb4b62\" data-element_type=\"widget\" data-e-type=\"widget\" data-widget_type=\"heading.default\">\n\t\t\t\t<div class=\"elementor-widget-container\">\n\t\t\t\t\t<h2 class=\"elementor-heading-title elementor-size-default\">Localiza\u00e7\u00e3o  <\/h2>\t\t\t\t<\/div>\n\t\t\t\t<\/div>\n\t\t\t\t<div class=\"elementor-element elementor-element-e11da6e elementor-widget elementor-widget-heading\" data-id=\"e11da6e\" data-element_type=\"widget\" data-e-type=\"widget\" data-widget_type=\"heading.default\">\n\t\t\t\t<div class=\"elementor-widget-container\">\n\t\t\t\t\t<h2 class=\"elementor-heading-title elementor-size-default\">Encontre nossa empresa atrav\u00e9s do Google <\/h2>\t\t\t\t<\/div>\n\t\t\t\t<\/div>\n\t\t\t\t\t<\/div>\n\t\t<\/div>\n\t\t\t\t<div class=\"elementor-column elementor-col-50 elementor-top-column elementor-element elementor-element-8ef3b50\" data-id=\"8ef3b50\" data-element_type=\"column\" data-e-type=\"column\">\n\t\t\t<div class=\"elementor-widget-wrap\">\n\t\t\t\t\t\t\t<\/div>\n\t\t<\/div>\n\t\t\t\t\t<\/div>\n\t\t<\/section>\n\t\t\t\t<section class=\"elementor-section elementor-top-section elementor-element elementor-element-59695cf elementor-section-full_width elementor-section-height-default elementor-section-height-default\" data-id=\"59695cf\" data-element_type=\"section\" data-e-type=\"section\">\n\t\t\t\t\t\t<div class=\"elementor-container elementor-column-gap-default\">\n\t\t\t\t\t<div class=\"elementor-column elementor-col-100 elementor-top-column elementor-element elementor-element-a120303\" data-id=\"a120303\" data-element_type=\"column\" data-e-type=\"column\">\n\t\t\t<div class=\"elementor-widget-wrap elementor-element-populated\">\n\t\t\t\t\t\t<div class=\"elementor-element elementor-element-a1f83bc elementor-widget elementor-widget-google_maps\" data-id=\"a1f83bc\" data-element_type=\"widget\" data-e-type=\"widget\" data-widget_type=\"google_maps.default\">\n\t\t\t\t<div class=\"elementor-widget-container\">\n\t\t\t\t\t\t\t<div class=\"elementor-custom-embed\">\n\t\t\t<iframe loading=\"lazy\"\n\t\t\t\t\tsrc=\"https:\/\/maps.google.com\/maps?q=R.%20Ant%C3%B4nio%20Afonso%2C%20144%20%E2%80%93%20Centro%2C%20Jacare%C3%AD%20%E2%80%93%20SP%2C%2012327-27&#038;t=m&#038;z=12&#038;output=embed&#038;iwloc=near\"\n\t\t\t\t\ttitle=\"R. Ant\u00f4nio Afonso, 144 \u2013 Centro, Jacare\u00ed \u2013 SP, 12327-27\"\n\t\t\t\t\taria-label=\"R. Ant\u00f4nio Afonso, 144 \u2013 Centro, Jacare\u00ed \u2013 SP, 12327-27\"\n\t\t\t><\/iframe>\n\t\t<\/div>\n\t\t\t\t\t\t<\/div>\n\t\t\t\t<\/div>\n\t\t\t\t\t<\/div>\n\t\t<\/div>\n\t\t\t\t\t<\/div>\n\t\t<\/section>\n\t\t\t\t<\/div>\n\t\t","protected":false},"excerpt":{"rendered":"<p>Quem somos Desde 2005 sendo refer\u00eancia em Medicina Diagn\u00f3stica Sediada desde 2005 em Jacare\u00ed, a MDI &#8211; Medicina Diagn\u00f3stica por Imagem disponibiliza a seus clientes atendimento diferenciado em Resson\u00e2ncia Magn\u00e9tica, Tomografia Multislice, Ultrassonografia Geral e com Doppler Colorido, Mamografia Digital e Densitometria \u00d3ssea. Atrav\u00e9s das ferramentas de Call Center e Contact Center, a MDI oferece [&hellip;]<\/p>\n","protected":false},"author":1,"featured_media":0,"parent":0,"menu_order":0,"comment_status":"closed","ping_status":"closed","template":"","meta":{"footnotes":""},"class_list":["post-37","page","type-page","status-publish","hentry"],"_links":{"self":[{"href":"https:\/\/www.mdimagem.com.br\/medicinadiagnostica\/wp-json\/wp\/v2\/pages\/37","targetHints":{"allow":["GET"]}}],"collection":[{"href":"https:\/\/www.mdimagem.com.br\/medicinadiagnostica\/wp-json\/wp\/v2\/pages"}],"about":[{"href":"https:\/\/www.mdimagem.com.br\/medicinadiagnostica\/wp-json\/wp\/v2\/types\/page"}],"author":[{"embeddable":true,"href":"https:\/\/www.mdimagem.com.br\/medicinadiagnostica\/wp-json\/wp\/v2\/users\/1"}],"replies":[{"embeddable":true,"href":"https:\/\/www.mdimagem.com.br\/medicinadiagnostica\/wp-json\/wp\/v2\/comments?post=37"}],"version-history":[{"count":34,"href":"https:\/\/www.mdimagem.com.br\/medicinadiagnostica\/wp-json\/wp\/v2\/pages\/37\/revisions"}],"predecessor-version":[{"id":609,"href":"https:\/\/www.mdimagem.com.br\/medicinadiagnostica\/wp-json\/wp\/v2\/pages\/37\/revisions\/609"}],"wp:attachment":[{"href":"https:\/\/www.mdimagem.com.br\/medicinadiagnostica\/wp-json\/wp\/v2\/media?parent=37"}],"curies":[{"name":"wp","href":"https:\/\/api.w.org\/{rel}","templated":true}]}}