{"id":390,"date":"2023-05-22T11:41:08","date_gmt":"2023-05-22T14:41:08","guid":{"rendered":"https:\/\/www.mdimagem.com.br\/medicinadiagnostica\/?page_id=390"},"modified":"2023-05-30T00:24:36","modified_gmt":"2023-05-30T03:24:36","slug":"novidades","status":"publish","type":"page","link":"https:\/\/www.mdimagem.com.br\/medicinadiagnostica\/novidades\/","title":{"rendered":"Novidades"},"content":{"rendered":"\t\t<div data-elementor-type=\"wp-page\" data-elementor-id=\"390\" class=\"elementor elementor-390\" data-elementor-post-type=\"page\">\n\t\t\t\t\t\t<section class=\"elementor-section elementor-top-section elementor-element elementor-element-2f24e83 elementor-section-boxed elementor-section-height-default elementor-section-height-default\" data-id=\"2f24e83\" data-element_type=\"section\" data-e-type=\"section\">\n\t\t\t\t\t\t<div class=\"elementor-container elementor-column-gap-default\">\n\t\t\t\t\t<div class=\"elementor-column elementor-col-50 elementor-top-column elementor-element elementor-element-e4917b8\" data-id=\"e4917b8\" data-element_type=\"column\" data-e-type=\"column\">\n\t\t\t<div class=\"elementor-widget-wrap elementor-element-populated\">\n\t\t\t\t\t\t<div class=\"elementor-element elementor-element-d906322 elementor-widget elementor-widget-heading\" data-id=\"d906322\" data-element_type=\"widget\" data-e-type=\"widget\" data-widget_type=\"heading.default\">\n\t\t\t\t<div class=\"elementor-widget-container\">\n\t\t\t\t\t<h2 class=\"elementor-heading-title elementor-size-default\">Novidades<\/h2>\t\t\t\t<\/div>\n\t\t\t\t<\/div>\n\t\t\t\t<div class=\"elementor-element elementor-element-c66235f elementor-widget elementor-widget-heading\" data-id=\"c66235f\" data-element_type=\"widget\" data-e-type=\"widget\" data-widget_type=\"heading.default\">\n\t\t\t\t<div class=\"elementor-widget-container\">\n\t\t\t\t\t<h2 class=\"elementor-heading-title elementor-size-default\">Artigos, posts, noticias e informa\u00e7\u00f5es importantes<\/h2>\t\t\t\t<\/div>\n\t\t\t\t<\/div>\n\t\t\t\t\t<\/div>\n\t\t<\/div>\n\t\t\t\t<div class=\"elementor-column elementor-col-50 elementor-top-column elementor-element elementor-element-2475fc7\" data-id=\"2475fc7\" data-element_type=\"column\" data-e-type=\"column\">\n\t\t\t<div class=\"elementor-widget-wrap\">\n\t\t\t\t\t\t\t<\/div>\n\t\t<\/div>\n\t\t\t\t\t<\/div>\n\t\t<\/section>\n\t\t\t\t<section class=\"elementor-section elementor-top-section elementor-element elementor-element-729b74d elementor-section-boxed elementor-section-height-default elementor-section-height-default\" data-id=\"729b74d\" data-element_type=\"section\" data-e-type=\"section\">\n\t\t\t\t\t\t<div class=\"elementor-container elementor-column-gap-default\">\n\t\t\t\t\t<div class=\"elementor-column elementor-col-100 elementor-top-column elementor-element elementor-element-5ceb9e7\" data-id=\"5ceb9e7\" data-element_type=\"column\" data-e-type=\"column\">\n\t\t\t<div class=\"elementor-widget-wrap elementor-element-populated\">\n\t\t\t\t\t\t<div class=\"elementor-element elementor-element-81cbbee elementor-grid-3 elementor-grid-tablet-2 elementor-grid-mobile-1 elementor-posts--thumbnail-top elementor-card-shadow-yes elementor-posts__hover-gradient load-more-align-center elementor-widget elementor-widget-posts\" data-id=\"81cbbee\" data-element_type=\"widget\" data-e-type=\"widget\" data-settings=\"{&quot;pagination_type&quot;:&quot;load_more_on_click&quot;,&quot;cards_columns&quot;:&quot;3&quot;,&quot;cards_columns_tablet&quot;:&quot;2&quot;,&quot;cards_columns_mobile&quot;:&quot;1&quot;,&quot;cards_row_gap&quot;:{&quot;unit&quot;:&quot;px&quot;,&quot;size&quot;:35,&quot;sizes&quot;:[]},&quot;cards_row_gap_tablet&quot;:{&quot;unit&quot;:&quot;px&quot;,&quot;size&quot;:&quot;&quot;,&quot;sizes&quot;:[]},&quot;cards_row_gap_mobile&quot;:{&quot;unit&quot;:&quot;px&quot;,&quot;size&quot;:&quot;&quot;,&quot;sizes&quot;:[]},&quot;load_more_spinner&quot;:{&quot;value&quot;:&quot;fas fa-spinner&quot;,&quot;library&quot;:&quot;fa-solid&quot;}}\" data-widget_type=\"posts.cards\">\n\t\t\t\t<div class=\"elementor-widget-container\">\n\t\t\t\t\t\t\t<div class=\"elementor-posts-container elementor-posts elementor-posts--skin-cards elementor-grid\">\n\t\t\t\t<article class=\"elementor-post elementor-grid-item post-455 post type-post status-publish format-standard has-post-thumbnail hentry category-sem-categoria\">\n\t\t\t<div class=\"elementor-post__card\">\n\t\t\t\t<a class=\"elementor-post__thumbnail__link\" href=\"https:\/\/www.mdimagem.com.br\/medicinadiagnostica\/ressonancia-magnetica-multiparametrica-da-prostata\/\" ><div class=\"elementor-post__thumbnail\"><img fetchpriority=\"high\" decoding=\"async\" width=\"300\" height=\"199\" src=\"https:\/\/www.mdimagem.com.br\/medicinadiagnostica\/wp-content\/uploads\/2023\/05\/Design-sem-nome-2023-05-30T002819.010-300x199.png\" class=\"attachment-medium size-medium wp-image-456\" alt=\"\" srcset=\"https:\/\/www.mdimagem.com.br\/medicinadiagnostica\/wp-content\/uploads\/2023\/05\/Design-sem-nome-2023-05-30T002819.010-300x199.png 300w, https:\/\/www.mdimagem.com.br\/medicinadiagnostica\/wp-content\/uploads\/2023\/05\/Design-sem-nome-2023-05-30T002819.010.png 512w\" sizes=\"(max-width: 300px) 100vw, 300px\" \/><\/div><\/a>\n\t\t\t\t<div class=\"elementor-post__text\">\n\t\t\t\t<h3 class=\"elementor-post__title\">\n\t\t\t<a href=\"https:\/\/www.mdimagem.com.br\/medicinadiagnostica\/ressonancia-magnetica-multiparametrica-da-prostata\/\" >\n\t\t\t\tRESSON\u00c2NCIA MAGN\u00c9TICA MULTIPARAM\u00c9TRICA DA PR\u00d3STATA\t\t\t<\/a>\n\t\t<\/h3>\n\t\t\t\t<div class=\"elementor-post__excerpt\">\n\t\t\t<p>A Resson\u00e2ncia Multiparam\u00e9trica de Pr\u00f3stata (RMP) consiste na combi-na\u00e7\u00e3o de imagens anat\u00f4micas de alta resolu\u00e7\u00e3o com as seguintes t\u00e9cnicas\u00a0 funcionais: Estudo din\u00e2mico com administra\u00e7\u00e3o de<\/p>\n\t\t<\/div>\n\t\t\n\t\t<a class=\"elementor-post__read-more\" href=\"https:\/\/www.mdimagem.com.br\/medicinadiagnostica\/ressonancia-magnetica-multiparametrica-da-prostata\/\" aria-label=\"Read more about RESSON\u00c2NCIA MAGN\u00c9TICA MULTIPARAM\u00c9TRICA DA PR\u00d3STATA\" >\n\t\t\tVeja mais  \u00bb\t\t<\/a>\n\n\t\t\t\t<\/div>\n\t\t\t\t\t<\/div>\n\t\t<\/article>\n\t\t\t\t<article class=\"elementor-post elementor-grid-item post-443 post type-post status-publish format-standard has-post-thumbnail hentry category-sem-categoria\">\n\t\t\t<div class=\"elementor-post__card\">\n\t\t\t\t<a class=\"elementor-post__thumbnail__link\" href=\"https:\/\/www.mdimagem.com.br\/medicinadiagnostica\/enterotomografia-e-enterorressonancia-na-avaliacao-das-doencas-inflamatorias-intestinais\/\" ><div class=\"elementor-post__thumbnail\"><img decoding=\"async\" width=\"300\" height=\"199\" src=\"https:\/\/www.mdimagem.com.br\/medicinadiagnostica\/wp-content\/uploads\/2023\/05\/Design-sem-nome-2023-05-30T001628.082-300x199.png\" class=\"attachment-medium size-medium wp-image-448\" alt=\"\" srcset=\"https:\/\/www.mdimagem.com.br\/medicinadiagnostica\/wp-content\/uploads\/2023\/05\/Design-sem-nome-2023-05-30T001628.082-300x199.png 300w, https:\/\/www.mdimagem.com.br\/medicinadiagnostica\/wp-content\/uploads\/2023\/05\/Design-sem-nome-2023-05-30T001628.082.png 512w\" sizes=\"(max-width: 300px) 100vw, 300px\" \/><\/div><\/a>\n\t\t\t\t<div class=\"elementor-post__text\">\n\t\t\t\t<h3 class=\"elementor-post__title\">\n\t\t\t<a href=\"https:\/\/www.mdimagem.com.br\/medicinadiagnostica\/enterotomografia-e-enterorressonancia-na-avaliacao-das-doencas-inflamatorias-intestinais\/\" >\n\t\t\t\tENTEROTOMOGRAFIA e  ENTERORRESSON\u00c2NCIA  na avalia\u00e7\u00e3o das doen\u00e7as inflamat\u00f3rias intestinais\t\t\t<\/a>\n\t\t<\/h3>\n\t\t\t\t<div class=\"elementor-post__excerpt\">\n\t\t\t<p>As doen\u00e7as inflamat\u00f3rias intestinais (DII), dentre elas adoen\u00e7a de Crohn, podem representar um grande desafio cl\u00ednico \/ cir\u00fargico, j\u00e1 que as caracter\u00edsticas cl\u00ednicas muitas vezes<\/p>\n\t\t<\/div>\n\t\t\n\t\t<a class=\"elementor-post__read-more\" href=\"https:\/\/www.mdimagem.com.br\/medicinadiagnostica\/enterotomografia-e-enterorressonancia-na-avaliacao-das-doencas-inflamatorias-intestinais\/\" aria-label=\"Read more about ENTEROTOMOGRAFIA e  ENTERORRESSON\u00c2NCIA  na avalia\u00e7\u00e3o das doen\u00e7as inflamat\u00f3rias intestinais\" >\n\t\t\tVeja mais  \u00bb\t\t<\/a>\n\n\t\t\t\t<\/div>\n\t\t\t\t\t<\/div>\n\t\t<\/article>\n\t\t\t\t<article class=\"elementor-post elementor-grid-item post-408 post type-post status-publish format-standard has-post-thumbnail hentry category-sem-categoria\">\n\t\t\t<div class=\"elementor-post__card\">\n\t\t\t\t<a class=\"elementor-post__thumbnail__link\" href=\"https:\/\/www.mdimagem.com.br\/medicinadiagnostica\/lesoes-musculoesqueleticas-a-importancia-dos-exames-de-imagem-no-diagnostico-preciso\/\" ><div class=\"elementor-post__thumbnail\"><img decoding=\"async\" width=\"300\" height=\"159\" src=\"https:\/\/www.mdimagem.com.br\/medicinadiagnostica\/wp-content\/uploads\/2023\/05\/unnamed-300x159.jpg\" class=\"attachment-medium size-medium wp-image-413\" alt=\"\" srcset=\"https:\/\/www.mdimagem.com.br\/medicinadiagnostica\/wp-content\/uploads\/2023\/05\/unnamed-300x159.jpg 300w, https:\/\/www.mdimagem.com.br\/medicinadiagnostica\/wp-content\/uploads\/2023\/05\/unnamed.jpg 512w\" sizes=\"(max-width: 300px) 100vw, 300px\" \/><\/div><\/a>\n\t\t\t\t<div class=\"elementor-post__text\">\n\t\t\t\t<h3 class=\"elementor-post__title\">\n\t\t\t<a href=\"https:\/\/www.mdimagem.com.br\/medicinadiagnostica\/lesoes-musculoesqueleticas-a-importancia-dos-exames-de-imagem-no-diagnostico-preciso\/\" >\n\t\t\t\tLes\u00f5es Musculoesquel\u00e9ticas e exames de Imagem\t\t\t<\/a>\n\t\t<\/h3>\n\t\t\t\t<div class=\"elementor-post__excerpt\">\n\t\t\t<p>As les\u00f5es musculoesquel\u00e9ticas podem causar dor, limita\u00e7\u00f5es funcionais, sofrimento e perdas pessoais, como tamb\u00e9m t\u00eam custos para as empresas e economias nacionais, uma vez que<\/p>\n\t\t<\/div>\n\t\t\n\t\t<a class=\"elementor-post__read-more\" href=\"https:\/\/www.mdimagem.com.br\/medicinadiagnostica\/lesoes-musculoesqueleticas-a-importancia-dos-exames-de-imagem-no-diagnostico-preciso\/\" aria-label=\"Read more about Les\u00f5es Musculoesquel\u00e9ticas e exames de Imagem\" >\n\t\t\tVeja mais  \u00bb\t\t<\/a>\n\n\t\t\t\t<\/div>\n\t\t\t\t\t<\/div>\n\t\t<\/article>\n\t\t\t\t<\/div>\n\t\t\t\t\t<span class=\"e-load-more-spinner\">\n\t\t\t\t<i aria-hidden=\"true\" class=\"fas fa-spinner\"><\/i>\t\t\t<\/span>\n\t\t\n\t\t\t\t\t\t<\/div>\n\t\t\t\t<\/div>\n\t\t\t\t\t<\/div>\n\t\t<\/div>\n\t\t\t\t\t<\/div>\n\t\t<\/section>\n\t\t\t\t<\/div>\n\t\t","protected":false},"excerpt":{"rendered":"<p>Novidades Artigos, posts, noticias e informa\u00e7\u00f5es importantes<\/p>\n","protected":false},"author":1,"featured_media":0,"parent":0,"menu_order":0,"comment_status":"closed","ping_status":"closed","template":"","meta":{"footnotes":""},"class_list":["post-390","page","type-page","status-publish","hentry"],"_links":{"self":[{"href":"https:\/\/www.mdimagem.com.br\/medicinadiagnostica\/wp-json\/wp\/v2\/pages\/390","targetHints":{"allow":["GET"]}}],"collection":[{"href":"https:\/\/www.mdimagem.com.br\/medicinadiagnostica\/wp-json\/wp\/v2\/pages"}],"about":[{"href":"https:\/\/www.mdimagem.com.br\/medicinadiagnostica\/wp-json\/wp\/v2\/types\/page"}],"author":[{"embeddable":true,"href":"https:\/\/www.mdimagem.com.br\/medicinadiagnostica\/wp-json\/wp\/v2\/users\/1"}],"replies":[{"embeddable":true,"href":"https:\/\/www.mdimagem.com.br\/medicinadiagnostica\/wp-json\/wp\/v2\/comments?post=390"}],"version-history":[{"count":16,"href":"https:\/\/www.mdimagem.com.br\/medicinadiagnostica\/wp-json\/wp\/v2\/pages\/390\/revisions"}],"predecessor-version":[{"id":454,"href":"https:\/\/www.mdimagem.com.br\/medicinadiagnostica\/wp-json\/wp\/v2\/pages\/390\/revisions\/454"}],"wp:attachment":[{"href":"https:\/\/www.mdimagem.com.br\/medicinadiagnostica\/wp-json\/wp\/v2\/media?parent=390"}],"curies":[{"name":"wp","href":"https:\/\/api.w.org\/{rel}","templated":true}]}}